{"id":6463,"date":"2023-04-15T09:19:55","date_gmt":"2023-04-15T07:19:55","guid":{"rendered":"https:\/\/lab-movie.hanu.edu.vn\/?page_id=6463"},"modified":"2023-06-09T10:53:09","modified_gmt":"2023-06-09T08:53:09","slug":"publications","status":"publish","type":"page","link":"https:\/\/lab-movie.hanu.edu.vn\/vi\/publications\/","title":{"rendered":"\u1ea4n ph\u1ea9m"},"content":{"rendered":"[vc_row type=&#8221;in_container&#8221; full_screen_row_position=&#8221;middle&#8221; column_margin=&#8221;default&#8221; column_direction=&#8221;default&#8221; column_direction_tablet=&#8221;default&#8221; column_direction_phone=&#8221;default&#8221; scene_position=&#8221;center&#8221; text_color=&#8221;dark&#8221; text_align=&#8221;left&#8221; row_border_radius=&#8221;none&#8221; row_border_radius_applies=&#8221;bg&#8221; overflow=&#8221;visible&#8221; overlay_strength=&#8221;0.3&#8243; gradient_direction=&#8221;left_to_right&#8221; shape_divider_position=&#8221;bottom&#8221; bg_image_animation=&#8221;none&#8221;][vc_column column_padding=&#8221;padding-3-percent&#8221; column_padding_tablet=&#8221;inherit&#8221; column_padding_phone=&#8221;inherit&#8221; column_padding_position=&#8221;all&#8221; column_element_spacing=&#8221;default&#8221; background_color=&#8221;#e8e8e8&#8243; background_color_opacity=&#8221;1&#8243; background_hover_color_opacity=&#8221;1&#8243; column_shadow=&#8221;none&#8221; column_border_radius=&#8221;custom&#8221; top_left_border_radius=&#8221;0&#8243; top_right_border_radius=&#8221;0&#8243; bottom_right_border_radius=&#8221;30px&#8221; bottom_left_border_radius=&#8221;30px&#8221; column_link_target=&#8221;_self&#8221; column_position=&#8221;default&#8221; el_class=&#8221;items-list-form-container&#8221; advanced_gradient_angle=&#8221;0&#8243; gradient_direction=&#8221;left_to_right&#8221; overlay_strength=&#8221;0.3&#8243; width=&#8221;1\/2&#8243; tablet_width_inherit=&#8221;default&#8221; tablet_text_alignment=&#8221;default&#8221; phone_text_alignment=&#8221;default&#8221; animation_type=&#8221;default&#8221; bg_image_animation=&#8221;none&#8221; border_type=&#8221;simple&#8221; column_border_width=&#8221;none&#8221; gradient_type=&#8221;default&#8221;][vc_column_text css=&#8221;.vc_custom_1681543642892{margin-bottom: 0px !important;padding-bottom: 0px !important;}&#8221; el_class=&#8221;toggle-form-mobile&#8221;]\n<h3>T\u00ecm ki\u1ebfm \u1ea5n ph\u1ea9m<\/h3>\n<p>Nh\u1eadp <em>t\u00ean t\u00e1c gi\u1ea3<\/em>, <em>ti\u00eau \u0111\u1ec1<\/em> ho\u1eb7c <em>n\u1ed9i dung<\/em> c\u1ea7n t\u00ecm ki\u1ebfm v\u00e0 nh\u1ea5n n\u00fat <strong>T\u00ecm ki\u1ebfm<\/strong>.[\/vc_column_text]\t<script>\n\t\tms_project.variables.select_options.placeholder = \"Ch\u1ecdn th\u00f4ng tin\";\n\t<\/script>\n\t<form method=\"GET\" action=\"https:\/\/lab-movie.hanu.edu.vn\/vi\/publications\/\" class=\"items-list-form\">\n\t\t\n\t\t\t\t\t\t<div class=\"items-list-form-field\">\n\t\t\t\t\t<label>Ch\u1ee7 \u0111\u1ec1<\/label>\n\t\t\t\t\t\t<select name=\"topic\">\n\t\t<option><\/option>\n\t\t\t\t\t\t<option \n\t\t\t\t\tvalue=\"linh-vuc-du-lich\"\n\t\t\t\t\t\t\t\t\t>\n\t\t\t\t\tL\u0129nh v\u1ef1c du l\u1ecbch\t\t\t\t<\/option>\n\t\t\t\t\t\t\t\t\t<option \n\t\t\t\t\tvalue=\"linh-vuc-lu-hanh\"\n\t\t\t\t\t\t\t\t\t>\n\t\t\t\t\tL\u0129ch v\u1ef1c l\u1eef h\u00e0nh\t\t\t\t<\/option>\n\t\t\t\t\t\t<\/select>\n\t\t\t\t\t<\/div>\n\t\t\t\t\t\t\t\t<div class=\"items-list-form-field\">\n\t\t\t\t\t<label>N\u0103m xu\u1ea5t b\u1ea3n<\/label>\n\t\t\t\t\t\t<select name=\"publication_year\">\n\t\t<option><\/option>\n\t\t\t\t\t\t<option \n\t\t\t\t\tvalue=\"2026\"\n\t\t\t\t\t\t\t\t\t>\n\t\t\t\t\t2026\t\t\t\t<\/option>\n\t\t\t\t\t\t\t\t\t<option \n\t\t\t\t\tvalue=\"2025\"\n\t\t\t\t\t\t\t\t\t>\n\t\t\t\t\t2025\t\t\t\t<\/option>\n\t\t\t\t\t\t\t\t\t<option \n\t\t\t\t\tvalue=\"2024\"\n\t\t\t\t\t\t\t\t\t>\n\t\t\t\t\t2024\t\t\t\t<\/option>\n\t\t\t\t\t\t\t\t\t<option \n\t\t\t\t\tvalue=\"2023\"\n\t\t\t\t\t\t\t\t\t>\n\t\t\t\t\t2023\t\t\t\t<\/option>\n\t\t\t\t\t\t\t\t\t<option \n\t\t\t\t\tvalue=\"2022\"\n\t\t\t\t\t\t\t\t\t>\n\t\t\t\t\t2022\t\t\t\t<\/option>\n\t\t\t\t\t\t<\/select>\n\t\t\t\t\t<\/div>\n\t\t\t\t\t\t<div class=\"items-list-form-field\">\n\t\t\t<label>T\u00ecm ki\u1ebfm<\/label>\n\t\t\t\t\t\t<input type=\"text\" name=\"search\" value=\"\" placeholder=\"T\u00ecm ki\u1ebfm\" \/>\n\t\t<\/div>\n\t\t\n\t\t<div class=\"items-list-form-submit\">\n\t\t\t<div class=\"items-list-form-submit_all\">\n\t\t\t\t<a href=\"https:\/\/lab-movie.hanu.edu.vn\/vi\/publications\/?all=1\">Hi\u1ec3n th\u1ecb to\u00e0n b\u1ed9<\/a>\n\t\t\t<\/div>\n\t\t\t<div class=\"items-list-form-submit_button\">\n\t\t\t\t<button type=\"submit\">\n\t\t\t\t\tT\u00ecm ki\u1ebfm\t\t\t\t<\/button>\n\t\t\t<\/div>\n\t\t<\/div>\n\t\n\t<\/form>\n\t[\/vc_column][vc_column column_padding=&#8221;padding-3-percent&#8221; column_padding_tablet=&#8221;inherit&#8221; column_padding_phone=&#8221;inherit&#8221; column_padding_position=&#8221;all&#8221; column_element_spacing=&#8221;default&#8221; background_color_opacity=&#8221;1&#8243; background_hover_color_opacity=&#8221;1&#8243; column_shadow=&#8221;none&#8221; column_border_radius=&#8221;none&#8221; column_link_target=&#8221;_self&#8221; column_position=&#8221;default&#8221; el_class=&#8221;items-list-results-container&#8221; advanced_gradient_angle=&#8221;0&#8243; gradient_direction=&#8221;left_to_right&#8221; overlay_strength=&#8221;0.3&#8243; width=&#8221;1\/2&#8243; tablet_width_inherit=&#8221;default&#8221; tablet_text_alignment=&#8221;default&#8221; phone_text_alignment=&#8221;default&#8221; animation_type=&#8221;default&#8221; bg_image_animation=&#8221;none&#8221; border_type=&#8221;simple&#8221; column_border_width=&#8221;none&#8221; column_border_style=&#8221;solid&#8221; gradient_type=&#8221;default&#8221;]\t<div class=\"items-list\">\n\t\t\t\t\t\t\t\t<h2 class=\"items-list-title_economic-sector color-grad\">2023<\/h2>\n\t\t\t\t\t\t\t\t\t\n\t\t\t\t<a href=\"https:\/\/lab-movie.hanu.edu.vn\/vi\/publications\/danh-gia-nang-luc-can-thiet-cho-cac-nhom-vi-tri-cong-viec-trong-nganh-khach-san-o-khu-vuc-ha-noi\/\" class=\"items-list-item items-list-item_publications\">\n\t\t\t\t\t<h4 class=\"items-list-item-title\">\u0110\u00e1nh gi\u00e1 n\u0103ng l\u1ef1c c\u1ea7n thi\u1ebft cho c\u00e1c nh\u00f3m v\u1ecb tr\u00ed c\u00f4ng vi\u1ec7c trong ng\u00e0nh kh\u00e1ch s\u1ea1n \u1edf khu v\u1ef1c H\u00e0 N\u1ed9i<\/h4>\n\t\t\t\t\t\t\t\t\t\t\t<span class=\"items-list-item-excerpt\">\n\t\t\t\t\t\t\t<p>ng\u00e0nh kh\u00e1ch s\u1ea1n, kh\u00e1ch s\u1ea1n \u1edf H\u00e0 N\u1ed9i, n\u0103ng l\u1ef1c c\u1ea7n thi\u1ebft, v\u1ecb tr\u00ed c\u00f4ng vi\u1ec7c<\/p>\n \n\t\t\t\t\t\t<\/span>\n\t\t\t\t\t\t\t\t\t\t\t\t\t\t\t\t<span class=\"items-list-item-date\">\n\t\t\t\t\t\t\tOctober 2, 2023\t\t\t\t\t\t<\/span>\n\t\t\t\t\t\t\t\t\t<\/a>\n\t\t\t\t\t\t\t\t\n\t\t\t\t<a href=\"https:\/\/lab-movie.hanu.edu.vn\/vi\/publications\/tong-quan-ve-nganh-du-lich\/\" class=\"items-list-item items-list-item_publications\">\n\t\t\t\t\t<h4 class=\"items-list-item-title\">T\u1ed5ng quan v\u1ec1 ng\u00e0nh du l\u1ecbch<\/h4>\n\t\t\t\t\t\t\t\t\t\t\t\t\t\t\t\t<span class=\"items-list-item-date\">\n\t\t\t\t\t\t\tJune 9, 2023\t\t\t\t\t\t<\/span>\n\t\t\t\t\t\t\t\t\t<\/a>\n\t\t\t\t\t\t\t\t\n\t\t\t\t<a href=\"https:\/\/lab-movie.hanu.edu.vn\/vi\/publications\/thuc-trang-nganh-du-lich-va-thi-truong-lao-dong-tren-dia-ban-ha-noi\/\" class=\"items-list-item items-list-item_publications\">\n\t\t\t\t\t<h4 class=\"items-list-item-title\">Th\u1ef1c tr\u1ea1ng ng\u00e0nh du l\u1ecbch v\u00e0 th\u1ecb tr\u01b0\u1eddng lao \u0111\u1ed9ng tr\u00ean \u0111\u1ecba b\u00e0n H\u00e0 N\u1ed9i<\/h4>\n\t\t\t\t\t\t\t\t\t\t\t\t\t\t\t\t<span class=\"items-list-item-date\">\n\t\t\t\t\t\t\tJune 9, 2023\t\t\t\t\t\t<\/span>\n\t\t\t\t\t\t\t\t\t<\/a>\n\t\t\t\t\t\t\t\t\t\t<h2 class=\"items-list-title_economic-sector color-grad\">2022<\/h2>\n\t\t\t\t\t\t\t\t\t\n\t\t\t\t<a href=\"https:\/\/lab-movie.hanu.edu.vn\/vi\/publications\/tong-quan-ve-nganh-khach-san-tai-ha-noi\/\" class=\"items-list-item items-list-item_publications\">\n\t\t\t\t\t<h4 class=\"items-list-item-title\">T\u1ed5ng quan v\u1ec1 ng\u00e0nh kh\u00e1ch s\u1ea1n t\u1ea1i H\u00e0 N\u1ed9i<\/h4>\n\t\t\t\t\t\t\t\t\t\t\t\t\t\t\t\t<span class=\"items-list-item-date\">\n\t\t\t\t\t\t\tJune 9, 2022\t\t\t\t\t\t<\/span>\n\t\t\t\t\t\t\t\t\t<\/a>\n\t\t\t\t\t\t\t\t\n\t\t\t\t<a href=\"https:\/\/lab-movie.hanu.edu.vn\/vi\/publications\/hien-trang-nganh-du-lich-lu-hanh-viet-nam\/\" class=\"items-list-item items-list-item_publications\">\n\t\t\t\t\t<h4 class=\"items-list-item-title\">Hi\u1ec7n tr\u1ea1ng ng\u00e0nh du l\u1ecbch l\u1eef h\u00e0nh Vi\u1ec7t Nam<\/h4>\n\t\t\t\t\t\t\t\t\t\t\t\t\t\t\t\t<span class=\"items-list-item-date\">\n\t\t\t\t\t\t\tJune 9, 2022\t\t\t\t\t\t<\/span>\n\t\t\t\t\t\t\t\t\t<\/a>\n\t\t\t\t\t<\/div>\n\t\n\t[\/vc_column][\/vc_row]\n","protected":false},"excerpt":{"rendered":"<p>[vc_row type=&#8221;in_container&#8221; full_screen_row_position=&#8221;middle&#8221; column_margin=&#8221;default&#8221; column_direction=&#8221;default&#8221; column_direction_tablet=&#8221;default&#8221; column_direction_phone=&#8221;default&#8221; scene_position=&#8221;center&#8221; text_color=&#8221;dark&#8221; text_align=&#8221;left&#8221; row_border_radius=&#8221;none&#8221; row_border_radius_applies=&#8221;bg&#8221; overflow=&#8221;visible&#8221; overlay_strength=&#8221;0.3&#8243; gradient_direction=&#8221;left_to_right&#8221; shape_divider_position=&#8221;bottom&#8221; bg_image_animation=&#8221;none&#8221;][vc_column column_padding=&#8221;padding-3-percent&#8221; column_padding_tablet=&#8221;inherit&#8221; column_padding_phone=&#8221;inherit&#8221; column_padding_position=&#8221;all&#8221; column_element_spacing=&#8221;default&#8221; background_color=&#8221;#e8e8e8&#8243; background_color_opacity=&#8221;1&#8243; background_hover_color_opacity=&#8221;1&#8243;&#8230;<\/p>\n","protected":false},"author":6,"featured_media":0,"parent":0,"menu_order":0,"comment_status":"closed","ping_status":"closed","template":"template-listing.php","meta":[],"acf":[],"yoast_head":"<!-- This site is optimized with the Yoast SEO plugin v19.7.1 - https:\/\/yoast.com\/wordpress\/plugins\/seo\/ -->\r\n<title>\u1ea4n ph\u1ea9m - Lab-Movie<\/title>\r\n<meta name=\"robots\" content=\"index, follow, max-snippet:-1, max-image-preview:large, max-video-preview:-1\" \/>\r\n<link rel=\"canonical\" href=\"https:\/\/lab-movie.hanu.edu.vn\/vi\/publications\/\" \/>\r\n<meta property=\"og:locale\" content=\"vi_VN\" \/>\r\n<meta property=\"og:type\" content=\"article\" \/>\r\n<meta property=\"og:title\" content=\"\u1ea4n ph\u1ea9m - Lab-Movie\" \/>\r\n<meta property=\"og:description\" content=\"[vc_row type=&#8221;in_container&#8221; full_screen_row_position=&#8221;middle&#8221; column_margin=&#8221;default&#8221; column_direction=&#8221;default&#8221; column_direction_tablet=&#8221;default&#8221; column_direction_phone=&#8221;default&#8221; scene_position=&#8221;center&#8221; text_color=&#8221;dark&#8221; text_align=&#8221;left&#8221; row_border_radius=&#8221;none&#8221; row_border_radius_applies=&#8221;bg&#8221; overflow=&#8221;visible&#8221; overlay_strength=&#8221;0.3&#8243; gradient_direction=&#8221;left_to_right&#8221; shape_divider_position=&#8221;bottom&#8221; bg_image_animation=&#8221;none&#8221;][vc_column column_padding=&#8221;padding-3-percent&#8221; column_padding_tablet=&#8221;inherit&#8221; column_padding_phone=&#8221;inherit&#8221; column_padding_position=&#8221;all&#8221; column_element_spacing=&#8221;default&#8221; background_color=&#8221;#e8e8e8&#8243; background_color_opacity=&#8221;1&#8243; background_hover_color_opacity=&#8221;1&#8243;...\" \/>\r\n<meta property=\"og:url\" content=\"https:\/\/lab-movie.hanu.edu.vn\/vi\/publications\/\" \/>\r\n<meta property=\"og:site_name\" content=\"Lab-Movie\" \/>\r\n<meta property=\"article:modified_time\" content=\"2023-06-09T08:53:09+00:00\" \/>\r\n<meta name=\"twitter:card\" content=\"summary_large_image\" \/>\r\n<meta name=\"twitter:label1\" content=\"Est. reading time\" \/>\n\t<meta name=\"twitter:data1\" content=\"2 minutes\" \/>\r\n<script type=\"application\/ld+json\" class=\"yoast-schema-graph\">{\"@context\":\"https:\/\/schema.org\",\"@graph\":[{\"@type\":\"WebPage\",\"@id\":\"https:\/\/lab-movie.hanu.edu.vn\/vi\/publications\/\",\"url\":\"https:\/\/lab-movie.hanu.edu.vn\/vi\/publications\/\",\"name\":\"\u1ea4n ph\u1ea9m - Lab-Movie\",\"isPartOf\":{\"@id\":\"https:\/\/lab-movie.hanu.edu.vn\/vi\/#website\"},\"datePublished\":\"2023-04-15T07:19:55+00:00\",\"dateModified\":\"2023-06-09T08:53:09+00:00\",\"breadcrumb\":{\"@id\":\"https:\/\/lab-movie.hanu.edu.vn\/vi\/publications\/#breadcrumb\"},\"inLanguage\":\"vi-VN\",\"potentialAction\":[{\"@type\":\"ReadAction\",\"target\":[\"https:\/\/lab-movie.hanu.edu.vn\/vi\/publications\/\"]}]},{\"@type\":\"BreadcrumbList\",\"@id\":\"https:\/\/lab-movie.hanu.edu.vn\/vi\/publications\/#breadcrumb\",\"itemListElement\":[{\"@type\":\"ListItem\",\"position\":1,\"name\":\"Trang ch\u1ee7\",\"item\":\"https:\/\/lab-movie.hanu.edu.vn\/vi\/\"},{\"@type\":\"ListItem\",\"position\":2,\"name\":\"\u1ea4n ph\u1ea9m\"}]},{\"@type\":\"WebSite\",\"@id\":\"https:\/\/lab-movie.hanu.edu.vn\/vi\/#website\",\"url\":\"https:\/\/lab-movie.hanu.edu.vn\/vi\/\",\"name\":\"Lab-Movie\",\"description\":\"\",\"potentialAction\":[{\"@type\":\"SearchAction\",\"target\":{\"@type\":\"EntryPoint\",\"urlTemplate\":\"https:\/\/lab-movie.hanu.edu.vn\/vi\/?s={search_term_string}\"},\"query-input\":\"required name=search_term_string\"}],\"inLanguage\":\"vi-VN\"}]}<\/script>\r\n<!-- \/ Yoast SEO plugin. -->","yoast_head_json":{"title":"\u1ea4n ph\u1ea9m - Lab-Movie","robots":{"index":"index","follow":"follow","max-snippet":"max-snippet:-1","max-image-preview":"max-image-preview:large","max-video-preview":"max-video-preview:-1"},"canonical":"https:\/\/lab-movie.hanu.edu.vn\/vi\/publications\/","og_locale":"vi_VN","og_type":"article","og_title":"\u1ea4n ph\u1ea9m - Lab-Movie","og_description":"[vc_row type=&#8221;in_container&#8221; full_screen_row_position=&#8221;middle&#8221; column_margin=&#8221;default&#8221; column_direction=&#8221;default&#8221; column_direction_tablet=&#8221;default&#8221; column_direction_phone=&#8221;default&#8221; scene_position=&#8221;center&#8221; text_color=&#8221;dark&#8221; text_align=&#8221;left&#8221; row_border_radius=&#8221;none&#8221; row_border_radius_applies=&#8221;bg&#8221; overflow=&#8221;visible&#8221; overlay_strength=&#8221;0.3&#8243; gradient_direction=&#8221;left_to_right&#8221; shape_divider_position=&#8221;bottom&#8221; bg_image_animation=&#8221;none&#8221;][vc_column column_padding=&#8221;padding-3-percent&#8221; column_padding_tablet=&#8221;inherit&#8221; column_padding_phone=&#8221;inherit&#8221; column_padding_position=&#8221;all&#8221; column_element_spacing=&#8221;default&#8221; background_color=&#8221;#e8e8e8&#8243; background_color_opacity=&#8221;1&#8243; background_hover_color_opacity=&#8221;1&#8243;...","og_url":"https:\/\/lab-movie.hanu.edu.vn\/vi\/publications\/","og_site_name":"Lab-Movie","article_modified_time":"2023-06-09T08:53:09+00:00","twitter_card":"summary_large_image","twitter_misc":{"Est. reading time":"2 minutes"},"schema":{"@context":"https:\/\/schema.org","@graph":[{"@type":"WebPage","@id":"https:\/\/lab-movie.hanu.edu.vn\/vi\/publications\/","url":"https:\/\/lab-movie.hanu.edu.vn\/vi\/publications\/","name":"\u1ea4n ph\u1ea9m - Lab-Movie","isPartOf":{"@id":"https:\/\/lab-movie.hanu.edu.vn\/vi\/#website"},"datePublished":"2023-04-15T07:19:55+00:00","dateModified":"2023-06-09T08:53:09+00:00","breadcrumb":{"@id":"https:\/\/lab-movie.hanu.edu.vn\/vi\/publications\/#breadcrumb"},"inLanguage":"vi-VN","potentialAction":[{"@type":"ReadAction","target":["https:\/\/lab-movie.hanu.edu.vn\/vi\/publications\/"]}]},{"@type":"BreadcrumbList","@id":"https:\/\/lab-movie.hanu.edu.vn\/vi\/publications\/#breadcrumb","itemListElement":[{"@type":"ListItem","position":1,"name":"Trang ch\u1ee7","item":"https:\/\/lab-movie.hanu.edu.vn\/vi\/"},{"@type":"ListItem","position":2,"name":"\u1ea4n ph\u1ea9m"}]},{"@type":"WebSite","@id":"https:\/\/lab-movie.hanu.edu.vn\/vi\/#website","url":"https:\/\/lab-movie.hanu.edu.vn\/vi\/","name":"Lab-Movie","description":"","potentialAction":[{"@type":"SearchAction","target":{"@type":"EntryPoint","urlTemplate":"https:\/\/lab-movie.hanu.edu.vn\/vi\/?s={search_term_string}"},"query-input":"required name=search_term_string"}],"inLanguage":"vi-VN"}]}},"_links":{"self":[{"href":"https:\/\/lab-movie.hanu.edu.vn\/vi\/wp-json\/wp\/v2\/pages\/6463"}],"collection":[{"href":"https:\/\/lab-movie.hanu.edu.vn\/vi\/wp-json\/wp\/v2\/pages"}],"about":[{"href":"https:\/\/lab-movie.hanu.edu.vn\/vi\/wp-json\/wp\/v2\/types\/page"}],"author":[{"embeddable":true,"href":"https:\/\/lab-movie.hanu.edu.vn\/vi\/wp-json\/wp\/v2\/users\/6"}],"replies":[{"embeddable":true,"href":"https:\/\/lab-movie.hanu.edu.vn\/vi\/wp-json\/wp\/v2\/comments?post=6463"}],"version-history":[{"count":4,"href":"https:\/\/lab-movie.hanu.edu.vn\/vi\/wp-json\/wp\/v2\/pages\/6463\/revisions"}],"predecessor-version":[{"id":6636,"href":"https:\/\/lab-movie.hanu.edu.vn\/vi\/wp-json\/wp\/v2\/pages\/6463\/revisions\/6636"}],"wp:attachment":[{"href":"https:\/\/lab-movie.hanu.edu.vn\/vi\/wp-json\/wp\/v2\/media?parent=6463"}],"curies":[{"name":"wp","href":"https:\/\/api.w.org\/{rel}","templated":true}]}}