{"id":6470,"date":"2023-04-15T09:32:21","date_gmt":"2023-04-15T07:32:21","guid":{"rendered":"https:\/\/lab-movie.hanu.edu.vn\/?page_id=6470"},"modified":"2023-06-09T11:37:18","modified_gmt":"2023-06-09T09:37:18","slug":"professional-figures","status":"publish","type":"page","link":"https:\/\/lab-movie.hanu.edu.vn\/vi\/professional-figures\/","title":{"rendered":"M\u00f4 t\u1ea3 c\u00f4ng vi\u1ec7c"},"content":{"rendered":"[vc_row type=&#8221;in_container&#8221; full_screen_row_position=&#8221;middle&#8221; column_margin=&#8221;default&#8221; column_direction=&#8221;default&#8221; column_direction_tablet=&#8221;default&#8221; column_direction_phone=&#8221;default&#8221; scene_position=&#8221;center&#8221; text_color=&#8221;dark&#8221; text_align=&#8221;left&#8221; row_border_radius=&#8221;none&#8221; row_border_radius_applies=&#8221;bg&#8221; overflow=&#8221;visible&#8221; overlay_strength=&#8221;0.3&#8243; gradient_direction=&#8221;left_to_right&#8221; shape_divider_position=&#8221;bottom&#8221; bg_image_animation=&#8221;none&#8221;][vc_column column_padding=&#8221;padding-3-percent&#8221; column_padding_tablet=&#8221;inherit&#8221; column_padding_phone=&#8221;inherit&#8221; column_padding_position=&#8221;all&#8221; column_element_spacing=&#8221;default&#8221; background_color=&#8221;#e8e8e8&#8243; background_color_opacity=&#8221;1&#8243; background_hover_color_opacity=&#8221;1&#8243; column_shadow=&#8221;none&#8221; column_border_radius=&#8221;custom&#8221; top_left_border_radius=&#8221;0&#8243; top_right_border_radius=&#8221;0&#8243; bottom_right_border_radius=&#8221;30px&#8221; bottom_left_border_radius=&#8221;30px&#8221; column_link_target=&#8221;_self&#8221; column_position=&#8221;default&#8221; el_class=&#8221;items-list-form-container&#8221; advanced_gradient_angle=&#8221;0&#8243; gradient_direction=&#8221;left_to_right&#8221; overlay_strength=&#8221;0.3&#8243; width=&#8221;1\/2&#8243; tablet_width_inherit=&#8221;default&#8221; tablet_text_alignment=&#8221;default&#8221; phone_text_alignment=&#8221;default&#8221; animation_type=&#8221;default&#8221; bg_image_animation=&#8221;none&#8221; border_type=&#8221;simple&#8221; column_border_width=&#8221;none&#8221; gradient_type=&#8221;default&#8221;][vc_column_text css=&#8221;.vc_custom_1681543933040{margin-bottom: 0px !important;padding-bottom: 0px !important;}&#8221; el_class=&#8221;toggle-form-mobile&#8221;]\n<h3>T\u00ecm ki\u1ebfm m\u00f4 t\u1ea3 c\u00f4ng vi\u1ec7c<\/h3>\n<p>Nh\u1eadp n\u1ed9i dung li\u00ean quan \u0111\u1ebfn m\u00f4 t\u1ea3 c\u00f4ng vi\u1ec7c c\u1ea7n t\u00ecm ki\u1ebfm.[\/vc_column_text]\t<script>\n\t\tms_project.variables.select_options.placeholder = \"Ch\u1ecdn th\u00f4ng tin\";\n\t<\/script>\n\t<form method=\"GET\" action=\"https:\/\/lab-movie.hanu.edu.vn\/vi\/professional-figures\/\" class=\"items-list-form\">\n\t\t\n\t\t\t\t\t\t<div class=\"items-list-form-field\">\n\t\t\t\t\t<label>Ch\u01b0\u01a1ng tr\u00ecnh \u0111\u00e0o t\u1ea1o<\/label>\n\t\t\t\t\t\t<select name=\"academic_qualification[]\">\n\t\t<option><\/option>\n\t\t\t\t\t\t<option \n\t\t\t\t\tvalue=\"quan-tri-kinh-doanh\"\n\t\t\t\t\t\t\t\t\t>\n\t\t\t\t\tQu\u1ea3n tr\u1ecb kinh doanh\t\t\t\t<\/option>\n\t\t\t\t\t\t\t\t\t<option \n\t\t\t\t\tvalue=\"quan-tri-khach-san-du-lich\"\n\t\t\t\t\t\t\t\t\t>\n\t\t\t\t\tQu\u1ea3n tr\u1ecb kh\u00e1ch s\u1ea1n &amp; Du l\u1ecbch\t\t\t\t<\/option>\n\t\t\t\t\t\t\t\t\t<option \n\t\t\t\t\tvalue=\"ngoai-ngu\"\n\t\t\t\t\t\t\t\t\t>\n\t\t\t\t\tNgo\u1ea1i ng\u1eef\t\t\t\t<\/option>\n\t\t\t\t\t\t\t\t\t<option \n\t\t\t\t\tvalue=\"marketing-vi\"\n\t\t\t\t\t\t\t\t\t>\n\t\t\t\t\tMarketing\t\t\t\t<\/option>\n\t\t\t\t\t\t\t\t\t<option \n\t\t\t\t\tvalue=\"kinh-te\"\n\t\t\t\t\t\t\t\t\t>\n\t\t\t\t\tKinh t\u1ebf\t\t\t\t<\/option>\n\t\t\t\t\t\t\t\t\t<option \n\t\t\t\t\tvalue=\"ke-toan\"\n\t\t\t\t\t\t\t\t\t>\n\t\t\t\t\tK\u1ebf to\u00e1n\t\t\t\t<\/option>\n\t\t\t\t\t\t\t\t\t<option \n\t\t\t\t\tvalue=\"truyen-thong\"\n\t\t\t\t\t\t\t\t\t>\n\t\t\t\t\tTruy\u1ec1n th\u00f4ng\t\t\t\t<\/option>\n\t\t\t\t\t\t<\/select>\n\t\t\t\t\t<\/div>\n\t\t\t\t\t\t\t<div class=\"items-list-form-field\">\n\t\t\t\t\t<label>L\u0129nh v\u1ef1c kinh t\u1ebf<\/label>\n\t\t\t\t\t\t<select name=\"economic_sector\">\n\t\t<option><\/option>\n\t\t\t\t\t\t<option \n\t\t\t\t\tvalue=\"du-lich-va-khach-san\"\n\t\t\t\t\t\t\t\t\t>\n\t\t\t\t\tDu l\u1ecbch v\u00e0 Kh\u00e1ch s\u1ea1n\t\t\t\t<\/option>\n\t\t\t\t\t\t<\/select>\n\t\t\t\t\t<\/div>\n\t\t\t\t\t\t\t\t<div class=\"items-list-form-field\">\n\t\t\t\t\t<label>Tr\u00ecnh \u0111\u1ed9<\/label>\n\t\t\t\t\t\t<select name=\"seniority_level\">\n\t\t<option><\/option>\n\t\t\t\t\t\t<option \n\t\t\t\t\tvalue=\"sinh-vien-chuan-bi-tot-nghiep\"\n\t\t\t\t\t\t\t\t\t>\n\t\t\t\t\tSinh vi\u00ean chu\u1ea9n b\u1ecb t\u1ed1t nghi\u1ec7p\t\t\t\t<\/option>\n\t\t\t\t\t\t\t\t\t<option \n\t\t\t\t\tvalue=\"quan-ly\"\n\t\t\t\t\t\t\t\t\t>\n\t\t\t\t\tQu\u1ea3n l\u00fd\t\t\t\t<\/option>\n\t\t\t\t\t\t<\/select>\n\t\t\t\t\t<\/div>\n\t\t\t\t\t\t<div class=\"items-list-form-field\">\n\t\t\t<label>T\u00ecm ki\u1ebfm<\/label>\n\t\t\t\t\t\t<input type=\"text\" name=\"search\" value=\"\" placeholder=\"T\u00ecm ki\u1ebfm\" \/>\n\t\t<\/div>\n\t\t\n\t\t<div class=\"items-list-form-submit\">\n\t\t\t<div class=\"items-list-form-submit_all\">\n\t\t\t\t<a href=\"https:\/\/lab-movie.hanu.edu.vn\/vi\/professional-figures\/?all=1\">Hi\u1ec3n th\u1ecb to\u00e0n b\u1ed9<\/a>\n\t\t\t<\/div>\n\t\t\t<div class=\"items-list-form-submit_button\">\n\t\t\t\t<button type=\"submit\">\n\t\t\t\t\tT\u00ecm ki\u1ebfm\t\t\t\t<\/button>\n\t\t\t<\/div>\n\t\t<\/div>\n\t\n\t<\/form>\n\t[\/vc_column][vc_column column_padding=&#8221;padding-3-percent&#8221; column_padding_tablet=&#8221;inherit&#8221; column_padding_phone=&#8221;inherit&#8221; column_padding_position=&#8221;all&#8221; column_element_spacing=&#8221;default&#8221; background_color_opacity=&#8221;1&#8243; background_hover_color_opacity=&#8221;1&#8243; column_shadow=&#8221;none&#8221; column_border_radius=&#8221;none&#8221; column_link_target=&#8221;_self&#8221; column_position=&#8221;default&#8221; el_class=&#8221;items-list-results-container&#8221; advanced_gradient_angle=&#8221;0&#8243; gradient_direction=&#8221;left_to_right&#8221; overlay_strength=&#8221;0.3&#8243; width=&#8221;1\/2&#8243; tablet_width_inherit=&#8221;default&#8221; tablet_text_alignment=&#8221;default&#8221; phone_text_alignment=&#8221;default&#8221; animation_type=&#8221;default&#8221; bg_image_animation=&#8221;none&#8221; border_type=&#8221;simple&#8221; column_border_width=&#8221;none&#8221; column_border_style=&#8221;solid&#8221; gradient_type=&#8221;default&#8221;]\t\t<div class=\"items-list_before\">\n\t\t\t<h3>Th\u00f4ng tin cung c\u1ea5p<\/h3>\n<p>M\u00f4 t\u1ea3 v\u1ecb tr\u00ed c\u00f4ng vi\u1ec7c v\u1edbi th\u00f4ng tin v\u1ec1 ho\u1ea1t \u0111\u1ed9ng, y\u00eau c\u1ea7u tr\u00ecnh \u0111\u1ed9, th\u00e2m ni\u00ean, ngo\u1ea1i ng\u1eef v\u00e0 kh\u1ea3 n\u0103ng s\u1eed d\u1ee5ng m\u00e1y t\u00ednh, k\u1ef9 n\u0103ng m\u1ec1m,&#8230;<\/p>\n<p style=\"text-align: right;\"><a class=\"btn nectar-button\" href=\"?all=1\">Hi\u1ec3n th\u1ecb to\u00e0n b\u1ed9<\/a><\/p>\n\t\t<\/div>\n\t\t[\/vc_column][\/vc_row]\n","protected":false},"excerpt":{"rendered":"<p>[vc_row type=&#8221;in_container&#8221; full_screen_row_position=&#8221;middle&#8221; column_margin=&#8221;default&#8221; column_direction=&#8221;default&#8221; column_direction_tablet=&#8221;default&#8221; column_direction_phone=&#8221;default&#8221; scene_position=&#8221;center&#8221; text_color=&#8221;dark&#8221; text_align=&#8221;left&#8221; row_border_radius=&#8221;none&#8221; row_border_radius_applies=&#8221;bg&#8221; overflow=&#8221;visible&#8221; overlay_strength=&#8221;0.3&#8243; gradient_direction=&#8221;left_to_right&#8221; shape_divider_position=&#8221;bottom&#8221; bg_image_animation=&#8221;none&#8221;][vc_column column_padding=&#8221;padding-3-percent&#8221; column_padding_tablet=&#8221;inherit&#8221; column_padding_phone=&#8221;inherit&#8221; column_padding_position=&#8221;all&#8221; column_element_spacing=&#8221;default&#8221; background_color=&#8221;#e8e8e8&#8243; background_color_opacity=&#8221;1&#8243; background_hover_color_opacity=&#8221;1&#8243;&#8230;<\/p>\n","protected":false},"author":6,"featured_media":0,"parent":0,"menu_order":0,"comment_status":"closed","ping_status":"closed","template":"template-listing.php","meta":[],"acf":[],"yoast_head":"<!-- This site is optimized with the Yoast SEO plugin v19.7.1 - https:\/\/yoast.com\/wordpress\/plugins\/seo\/ -->\r\n<title>M\u00f4 t\u1ea3 c\u00f4ng vi\u1ec7c - Lab-Movie<\/title>\r\n<meta name=\"robots\" content=\"index, follow, max-snippet:-1, max-image-preview:large, max-video-preview:-1\" \/>\r\n<link rel=\"canonical\" href=\"https:\/\/lab-movie.hanu.edu.vn\/vi\/professional-figures\/\" \/>\r\n<meta property=\"og:locale\" content=\"vi_VN\" \/>\r\n<meta property=\"og:type\" content=\"article\" \/>\r\n<meta property=\"og:title\" content=\"M\u00f4 t\u1ea3 c\u00f4ng vi\u1ec7c - Lab-Movie\" \/>\r\n<meta property=\"og:description\" content=\"[vc_row type=&#8221;in_container&#8221; full_screen_row_position=&#8221;middle&#8221; column_margin=&#8221;default&#8221; column_direction=&#8221;default&#8221; column_direction_tablet=&#8221;default&#8221; column_direction_phone=&#8221;default&#8221; scene_position=&#8221;center&#8221; text_color=&#8221;dark&#8221; text_align=&#8221;left&#8221; row_border_radius=&#8221;none&#8221; row_border_radius_applies=&#8221;bg&#8221; overflow=&#8221;visible&#8221; overlay_strength=&#8221;0.3&#8243; gradient_direction=&#8221;left_to_right&#8221; shape_divider_position=&#8221;bottom&#8221; bg_image_animation=&#8221;none&#8221;][vc_column column_padding=&#8221;padding-3-percent&#8221; column_padding_tablet=&#8221;inherit&#8221; column_padding_phone=&#8221;inherit&#8221; column_padding_position=&#8221;all&#8221; column_element_spacing=&#8221;default&#8221; background_color=&#8221;#e8e8e8&#8243; background_color_opacity=&#8221;1&#8243; background_hover_color_opacity=&#8221;1&#8243;...\" \/>\r\n<meta property=\"og:url\" content=\"https:\/\/lab-movie.hanu.edu.vn\/vi\/professional-figures\/\" \/>\r\n<meta property=\"og:site_name\" content=\"Lab-Movie\" \/>\r\n<meta property=\"article:modified_time\" content=\"2023-06-09T09:37:18+00:00\" \/>\r\n<meta name=\"twitter:card\" content=\"summary_large_image\" \/>\r\n<meta name=\"twitter:label1\" content=\"Est. reading time\" \/>\n\t<meta name=\"twitter:data1\" content=\"2 minutes\" \/>\r\n<script type=\"application\/ld+json\" class=\"yoast-schema-graph\">{\"@context\":\"https:\/\/schema.org\",\"@graph\":[{\"@type\":\"WebPage\",\"@id\":\"https:\/\/lab-movie.hanu.edu.vn\/vi\/professional-figures\/\",\"url\":\"https:\/\/lab-movie.hanu.edu.vn\/vi\/professional-figures\/\",\"name\":\"M\u00f4 t\u1ea3 c\u00f4ng vi\u1ec7c - Lab-Movie\",\"isPartOf\":{\"@id\":\"https:\/\/lab-movie.hanu.edu.vn\/vi\/#website\"},\"datePublished\":\"2023-04-15T07:32:21+00:00\",\"dateModified\":\"2023-06-09T09:37:18+00:00\",\"breadcrumb\":{\"@id\":\"https:\/\/lab-movie.hanu.edu.vn\/vi\/professional-figures\/#breadcrumb\"},\"inLanguage\":\"vi-VN\",\"potentialAction\":[{\"@type\":\"ReadAction\",\"target\":[\"https:\/\/lab-movie.hanu.edu.vn\/vi\/professional-figures\/\"]}]},{\"@type\":\"BreadcrumbList\",\"@id\":\"https:\/\/lab-movie.hanu.edu.vn\/vi\/professional-figures\/#breadcrumb\",\"itemListElement\":[{\"@type\":\"ListItem\",\"position\":1,\"name\":\"Trang ch\u1ee7\",\"item\":\"https:\/\/lab-movie.hanu.edu.vn\/vi\/\"},{\"@type\":\"ListItem\",\"position\":2,\"name\":\"M\u00f4 t\u1ea3 c\u00f4ng vi\u1ec7c\"}]},{\"@type\":\"WebSite\",\"@id\":\"https:\/\/lab-movie.hanu.edu.vn\/vi\/#website\",\"url\":\"https:\/\/lab-movie.hanu.edu.vn\/vi\/\",\"name\":\"Lab-Movie\",\"description\":\"\",\"potentialAction\":[{\"@type\":\"SearchAction\",\"target\":{\"@type\":\"EntryPoint\",\"urlTemplate\":\"https:\/\/lab-movie.hanu.edu.vn\/vi\/?s={search_term_string}\"},\"query-input\":\"required name=search_term_string\"}],\"inLanguage\":\"vi-VN\"}]}<\/script>\r\n<!-- \/ Yoast SEO plugin. -->","yoast_head_json":{"title":"M\u00f4 t\u1ea3 c\u00f4ng vi\u1ec7c - Lab-Movie","robots":{"index":"index","follow":"follow","max-snippet":"max-snippet:-1","max-image-preview":"max-image-preview:large","max-video-preview":"max-video-preview:-1"},"canonical":"https:\/\/lab-movie.hanu.edu.vn\/vi\/professional-figures\/","og_locale":"vi_VN","og_type":"article","og_title":"M\u00f4 t\u1ea3 c\u00f4ng vi\u1ec7c - Lab-Movie","og_description":"[vc_row type=&#8221;in_container&#8221; full_screen_row_position=&#8221;middle&#8221; column_margin=&#8221;default&#8221; column_direction=&#8221;default&#8221; column_direction_tablet=&#8221;default&#8221; column_direction_phone=&#8221;default&#8221; scene_position=&#8221;center&#8221; text_color=&#8221;dark&#8221; text_align=&#8221;left&#8221; row_border_radius=&#8221;none&#8221; row_border_radius_applies=&#8221;bg&#8221; overflow=&#8221;visible&#8221; overlay_strength=&#8221;0.3&#8243; gradient_direction=&#8221;left_to_right&#8221; shape_divider_position=&#8221;bottom&#8221; bg_image_animation=&#8221;none&#8221;][vc_column column_padding=&#8221;padding-3-percent&#8221; column_padding_tablet=&#8221;inherit&#8221; column_padding_phone=&#8221;inherit&#8221; column_padding_position=&#8221;all&#8221; column_element_spacing=&#8221;default&#8221; background_color=&#8221;#e8e8e8&#8243; background_color_opacity=&#8221;1&#8243; background_hover_color_opacity=&#8221;1&#8243;...","og_url":"https:\/\/lab-movie.hanu.edu.vn\/vi\/professional-figures\/","og_site_name":"Lab-Movie","article_modified_time":"2023-06-09T09:37:18+00:00","twitter_card":"summary_large_image","twitter_misc":{"Est. reading time":"2 minutes"},"schema":{"@context":"https:\/\/schema.org","@graph":[{"@type":"WebPage","@id":"https:\/\/lab-movie.hanu.edu.vn\/vi\/professional-figures\/","url":"https:\/\/lab-movie.hanu.edu.vn\/vi\/professional-figures\/","name":"M\u00f4 t\u1ea3 c\u00f4ng vi\u1ec7c - Lab-Movie","isPartOf":{"@id":"https:\/\/lab-movie.hanu.edu.vn\/vi\/#website"},"datePublished":"2023-04-15T07:32:21+00:00","dateModified":"2023-06-09T09:37:18+00:00","breadcrumb":{"@id":"https:\/\/lab-movie.hanu.edu.vn\/vi\/professional-figures\/#breadcrumb"},"inLanguage":"vi-VN","potentialAction":[{"@type":"ReadAction","target":["https:\/\/lab-movie.hanu.edu.vn\/vi\/professional-figures\/"]}]},{"@type":"BreadcrumbList","@id":"https:\/\/lab-movie.hanu.edu.vn\/vi\/professional-figures\/#breadcrumb","itemListElement":[{"@type":"ListItem","position":1,"name":"Trang ch\u1ee7","item":"https:\/\/lab-movie.hanu.edu.vn\/vi\/"},{"@type":"ListItem","position":2,"name":"M\u00f4 t\u1ea3 c\u00f4ng vi\u1ec7c"}]},{"@type":"WebSite","@id":"https:\/\/lab-movie.hanu.edu.vn\/vi\/#website","url":"https:\/\/lab-movie.hanu.edu.vn\/vi\/","name":"Lab-Movie","description":"","potentialAction":[{"@type":"SearchAction","target":{"@type":"EntryPoint","urlTemplate":"https:\/\/lab-movie.hanu.edu.vn\/vi\/?s={search_term_string}"},"query-input":"required name=search_term_string"}],"inLanguage":"vi-VN"}]}},"_links":{"self":[{"href":"https:\/\/lab-movie.hanu.edu.vn\/vi\/wp-json\/wp\/v2\/pages\/6470"}],"collection":[{"href":"https:\/\/lab-movie.hanu.edu.vn\/vi\/wp-json\/wp\/v2\/pages"}],"about":[{"href":"https:\/\/lab-movie.hanu.edu.vn\/vi\/wp-json\/wp\/v2\/types\/page"}],"author":[{"embeddable":true,"href":"https:\/\/lab-movie.hanu.edu.vn\/vi\/wp-json\/wp\/v2\/users\/6"}],"replies":[{"embeddable":true,"href":"https:\/\/lab-movie.hanu.edu.vn\/vi\/wp-json\/wp\/v2\/comments?post=6470"}],"version-history":[{"count":4,"href":"https:\/\/lab-movie.hanu.edu.vn\/vi\/wp-json\/wp\/v2\/pages\/6470\/revisions"}],"predecessor-version":[{"id":6616,"href":"https:\/\/lab-movie.hanu.edu.vn\/vi\/wp-json\/wp\/v2\/pages\/6470\/revisions\/6616"}],"wp:attachment":[{"href":"https:\/\/lab-movie.hanu.edu.vn\/vi\/wp-json\/wp\/v2\/media?parent=6470"}],"curies":[{"name":"wp","href":"https:\/\/api.w.org\/{rel}","templated":true}]}}