{"id":6476,"date":"2023-04-15T09:43:49","date_gmt":"2023-04-15T07:43:49","guid":{"rendered":"https:\/\/lab-movie.hanu.edu.vn\/?page_id=6476"},"modified":"2023-09-27T05:59:04","modified_gmt":"2023-09-27T03:59:04","slug":"company-types","status":"publish","type":"page","link":"https:\/\/lab-movie.hanu.edu.vn\/vi\/company-types\/","title":{"rendered":"Lo\u1ea1i h\u00ecnh doanh nghi\u1ec7p"},"content":{"rendered":"[vc_row type=&#8221;in_container&#8221; full_screen_row_position=&#8221;middle&#8221; column_margin=&#8221;default&#8221; column_direction=&#8221;default&#8221; column_direction_tablet=&#8221;default&#8221; column_direction_phone=&#8221;default&#8221; scene_position=&#8221;center&#8221; text_color=&#8221;dark&#8221; text_align=&#8221;left&#8221; row_border_radius=&#8221;none&#8221; row_border_radius_applies=&#8221;bg&#8221; overflow=&#8221;visible&#8221; overlay_strength=&#8221;0.3&#8243; gradient_direction=&#8221;left_to_right&#8221; shape_divider_position=&#8221;bottom&#8221; bg_image_animation=&#8221;none&#8221;][vc_column column_padding=&#8221;padding-3-percent&#8221; column_padding_tablet=&#8221;inherit&#8221; column_padding_phone=&#8221;inherit&#8221; column_padding_position=&#8221;all&#8221; column_element_spacing=&#8221;default&#8221; background_color=&#8221;#e8e8e8&#8243; background_color_opacity=&#8221;1&#8243; background_hover_color_opacity=&#8221;1&#8243; column_shadow=&#8221;none&#8221; column_border_radius=&#8221;custom&#8221; top_left_border_radius=&#8221;0&#8243; top_right_border_radius=&#8221;0&#8243; bottom_right_border_radius=&#8221;30px&#8221; bottom_left_border_radius=&#8221;30px&#8221; column_link_target=&#8221;_self&#8221; column_position=&#8221;default&#8221; el_class=&#8221;items-list-form-container&#8221; advanced_gradient_angle=&#8221;0&#8243; gradient_direction=&#8221;left_to_right&#8221; overlay_strength=&#8221;0.3&#8243; width=&#8221;1\/2&#8243; tablet_width_inherit=&#8221;default&#8221; tablet_text_alignment=&#8221;default&#8221; phone_text_alignment=&#8221;default&#8221; animation_type=&#8221;default&#8221; bg_image_animation=&#8221;none&#8221; border_type=&#8221;simple&#8221; column_border_width=&#8221;none&#8221; gradient_type=&#8221;default&#8221;][vc_column_text css=&#8221;.vc_custom_1681544466320{margin-bottom: 0px !important;padding-bottom: 0px !important;}&#8221; el_class=&#8221;toggle-form-mobile&#8221;]\n<h3>T\u00ecm ki\u1ebfm c\u00e1c lo\u1ea1i h\u00ecnh doanh nghi\u1ec7p<\/h3>\n<p>Nh\u1eadp c\u00e1c th\u00f4ng tin li\u00ean quan \u0111\u1ebfn lo\u1ea1i h\u00ecnh doanh nghi\u1ec7p c\u1ea7n t\u00ecm ki\u1ebfm.[\/vc_column_text]\t<script>\n\t\tms_project.variables.select_options.placeholder = \"Ch\u1ecdn th\u00f4ng tin\";\n\t<\/script>\n\t<form method=\"GET\" action=\"https:\/\/lab-movie.hanu.edu.vn\/vi\/company-types\/\" class=\"items-list-form\">\n\t\t\n\t\t\t\t\t\t<div class=\"items-list-form-field\">\n\t\t\t\t\t<label>L\u0129nh v\u1ef1c kinh t\u1ebf<\/label>\n\t\t\t\t\t\t<select name=\"economic_sector\">\n\t\t<option><\/option>\n\t\t\t\t\t\t<option \n\t\t\t\t\tvalue=\"du-lich-va-khach-san\"\n\t\t\t\t\t\t\t\t\t>\n\t\t\t\t\tDu l\u1ecbch v\u00e0 Kh\u00e1ch s\u1ea1n\t\t\t\t<\/option>\n\t\t\t\t\t\t<\/select>\n\t\t\t\t\t<\/div>\n\t\t\t\t\t\t<div class=\"items-list-form-field\">\n\t\t\t<label>T\u00ecm ki\u1ebfm<\/label>\n\t\t\t\t\t\t<input type=\"text\" name=\"search\" value=\"\" placeholder=\"T\u00ecm ki\u1ebfm\" \/>\n\t\t<\/div>\n\t\t\n\t\t<div class=\"items-list-form-submit\">\n\t\t\t<div class=\"items-list-form-submit_all\">\n\t\t\t\t<a href=\"https:\/\/lab-movie.hanu.edu.vn\/vi\/company-types\/?all=1\">Hi\u1ec3n th\u1ecb to\u00e0n b\u1ed9<\/a>\n\t\t\t<\/div>\n\t\t\t<div class=\"items-list-form-submit_button\">\n\t\t\t\t<button type=\"submit\">\n\t\t\t\t\tT\u00ecm ki\u1ebfm\t\t\t\t<\/button>\n\t\t\t<\/div>\n\t\t<\/div>\n\t\n\t<\/form>\n\t[\/vc_column][vc_column column_padding=&#8221;padding-3-percent&#8221; column_padding_tablet=&#8221;inherit&#8221; column_padding_phone=&#8221;inherit&#8221; column_padding_position=&#8221;all&#8221; column_element_spacing=&#8221;default&#8221; background_color_opacity=&#8221;1&#8243; background_hover_color_opacity=&#8221;1&#8243; column_shadow=&#8221;none&#8221; column_border_radius=&#8221;none&#8221; column_link_target=&#8221;_self&#8221; column_position=&#8221;default&#8221; el_class=&#8221;items-list-results-container&#8221; advanced_gradient_angle=&#8221;0&#8243; gradient_direction=&#8221;left_to_right&#8221; overlay_strength=&#8221;0.3&#8243; width=&#8221;1\/2&#8243; tablet_width_inherit=&#8221;default&#8221; tablet_text_alignment=&#8221;default&#8221; phone_text_alignment=&#8221;default&#8221; animation_type=&#8221;default&#8221; bg_image_animation=&#8221;none&#8221; border_type=&#8221;simple&#8221; column_border_width=&#8221;none&#8221; column_border_style=&#8221;solid&#8221; gradient_type=&#8221;default&#8221;]\t<div class=\"items-list\">\n\t\t\t\t\t\t\n\t\t\t\t<a href=\"https:\/\/lab-movie.hanu.edu.vn\/vi\/company-types\/co-cau-to-chuc-doanh-nghiep-du-lich-lu-hanh\/\" class=\"items-list-item items-list-item_company_types\">\n\t\t\t\t\t<h4 class=\"items-list-item-title\">C\u01a1 c\u1ea5u t\u1ed5 ch\u1ee9c &#8211; Doanh nghi\u1ec7p du l\u1ecbch l\u1eef h\u00e0nh<\/h4>\n\t\t\t\t\t\t\t\t\t\t\t<span class=\"items-list-item-excerpt\">\n\t\t\t\t\t\t\t<p>C\u01a1 c\u1ea5u t\u1ed5 ch\u1ee9c \u0111i\u1ec3n h\u00ecnh c\u1ee7a c\u00e1c c\u00f4ng ty du l\u1ecbch th\u01b0\u1eddng \u0111\u01b0\u1ee3c chia th\u00e0nh b\u1ed1n b\u1ed9 ph\u1eadn, bao g\u1ed3m b\u1ed9 ph\u1eadn h\u00e0nh ch\u00ednh, b\u1ed9 ph\u1eadn b\u00e1n h\u00e0ng v\u00e0 ti\u1ebfp th\u1ecb, b\u1ed9 ph\u1eadn v\u1eadn h\u00e0nh v\u00e0 b\u1ed9 ph\u1eadn nghi\u00ean c\u1ee9u v\u00e0 ph\u00e1t tri\u1ec3n.<\/p>\n \n\t\t\t\t\t\t<\/span>\n\t\t\t\t\t\t\t\t\t\t\t\t\t\t<\/a>\n\t\t\t\t\t\t\t\t\n\t\t\t\t<a href=\"https:\/\/lab-movie.hanu.edu.vn\/vi\/company-types\/co-cau-to-chuc-khach-san-cua-viet-nam\/\" class=\"items-list-item items-list-item_company_types\">\n\t\t\t\t\t<h4 class=\"items-list-item-title\">C\u01a1 c\u1ea5u t\u1ed5 ch\u1ee9c kh\u00e1ch s\u1ea1n c\u1ee7a Vi\u1ec7t Nam<\/h4>\n\t\t\t\t\t\t\t\t\t\t\t<span class=\"items-list-item-excerpt\">\n\t\t\t\t\t\t\t<p>C\u01a1 c\u1ea5u t\u1ed5 ch\u1ee9c \u0111i\u1ec3n h\u00ecnh c\u1ee7a c\u00e1c kh\u00e1ch s\u1ea1n b\u1ed1n sao v\u00e0 n\u0103m sao \u0111\u01b0\u1ee3c chia th\u00e0nh n\u0103m khu v\u1ef1c ch\u1ee9c n\u0103ng trong \u0111\u00f3 \u00edt nh\u1ea5t m\u1ed9t ng\u01b0\u1eddi qu\u1ea3n l\u00fd v\u00e0 m\u1ed9t ho\u1eb7c nhi\u1ec1u nh\u00e2n vi\u00ean ho\u1ea1t \u0111\u1ed9ng.<\/p>\n \n\t\t\t\t\t\t<\/span>\n\t\t\t\t\t\t\t\t\t\t\t\t\t\t<\/a>\n\t\t\t\t\t<\/div>\n\t\n\t[\/vc_column][\/vc_row]\n","protected":false},"excerpt":{"rendered":"<p>[vc_row type=&#8221;in_container&#8221; full_screen_row_position=&#8221;middle&#8221; column_margin=&#8221;default&#8221; column_direction=&#8221;default&#8221; column_direction_tablet=&#8221;default&#8221; column_direction_phone=&#8221;default&#8221; scene_position=&#8221;center&#8221; text_color=&#8221;dark&#8221; text_align=&#8221;left&#8221; row_border_radius=&#8221;none&#8221; row_border_radius_applies=&#8221;bg&#8221; overflow=&#8221;visible&#8221; overlay_strength=&#8221;0.3&#8243; gradient_direction=&#8221;left_to_right&#8221; shape_divider_position=&#8221;bottom&#8221; bg_image_animation=&#8221;none&#8221;][vc_column column_padding=&#8221;padding-3-percent&#8221; column_padding_tablet=&#8221;inherit&#8221; column_padding_phone=&#8221;inherit&#8221; column_padding_position=&#8221;all&#8221; column_element_spacing=&#8221;default&#8221; background_color=&#8221;#e8e8e8&#8243; background_color_opacity=&#8221;1&#8243; background_hover_color_opacity=&#8221;1&#8243;&#8230;<\/p>\n","protected":false},"author":6,"featured_media":0,"parent":0,"menu_order":0,"comment_status":"closed","ping_status":"closed","template":"template-listing.php","meta":[],"acf":[],"yoast_head":"<!-- This site is optimized with the Yoast SEO plugin v19.7.1 - https:\/\/yoast.com\/wordpress\/plugins\/seo\/ -->\r\n<title>Lo\u1ea1i h\u00ecnh doanh nghi\u1ec7p - Lab-Movie<\/title>\r\n<meta name=\"robots\" content=\"index, follow, max-snippet:-1, max-image-preview:large, max-video-preview:-1\" \/>\r\n<link rel=\"canonical\" href=\"https:\/\/lab-movie.hanu.edu.vn\/vi\/company-types\/\" \/>\r\n<meta property=\"og:locale\" content=\"vi_VN\" \/>\r\n<meta property=\"og:type\" content=\"article\" \/>\r\n<meta property=\"og:title\" content=\"Lo\u1ea1i h\u00ecnh doanh nghi\u1ec7p - Lab-Movie\" \/>\r\n<meta property=\"og:description\" content=\"[vc_row type=&#8221;in_container&#8221; full_screen_row_position=&#8221;middle&#8221; column_margin=&#8221;default&#8221; column_direction=&#8221;default&#8221; column_direction_tablet=&#8221;default&#8221; column_direction_phone=&#8221;default&#8221; scene_position=&#8221;center&#8221; text_color=&#8221;dark&#8221; text_align=&#8221;left&#8221; row_border_radius=&#8221;none&#8221; row_border_radius_applies=&#8221;bg&#8221; overflow=&#8221;visible&#8221; overlay_strength=&#8221;0.3&#8243; gradient_direction=&#8221;left_to_right&#8221; shape_divider_position=&#8221;bottom&#8221; bg_image_animation=&#8221;none&#8221;][vc_column column_padding=&#8221;padding-3-percent&#8221; column_padding_tablet=&#8221;inherit&#8221; column_padding_phone=&#8221;inherit&#8221; column_padding_position=&#8221;all&#8221; column_element_spacing=&#8221;default&#8221; background_color=&#8221;#e8e8e8&#8243; background_color_opacity=&#8221;1&#8243; background_hover_color_opacity=&#8221;1&#8243;...\" \/>\r\n<meta property=\"og:url\" content=\"https:\/\/lab-movie.hanu.edu.vn\/vi\/company-types\/\" \/>\r\n<meta property=\"og:site_name\" content=\"Lab-Movie\" \/>\r\n<meta property=\"article:modified_time\" content=\"2023-09-27T03:59:04+00:00\" \/>\r\n<meta name=\"twitter:card\" content=\"summary_large_image\" \/>\r\n<meta name=\"twitter:label1\" content=\"Est. reading time\" \/>\n\t<meta name=\"twitter:data1\" content=\"2 minutes\" \/>\r\n<script type=\"application\/ld+json\" class=\"yoast-schema-graph\">{\"@context\":\"https:\/\/schema.org\",\"@graph\":[{\"@type\":\"WebPage\",\"@id\":\"https:\/\/lab-movie.hanu.edu.vn\/vi\/company-types\/\",\"url\":\"https:\/\/lab-movie.hanu.edu.vn\/vi\/company-types\/\",\"name\":\"Lo\u1ea1i h\u00ecnh doanh nghi\u1ec7p - Lab-Movie\",\"isPartOf\":{\"@id\":\"https:\/\/lab-movie.hanu.edu.vn\/vi\/#website\"},\"datePublished\":\"2023-04-15T07:43:49+00:00\",\"dateModified\":\"2023-09-27T03:59:04+00:00\",\"breadcrumb\":{\"@id\":\"https:\/\/lab-movie.hanu.edu.vn\/vi\/company-types\/#breadcrumb\"},\"inLanguage\":\"vi-VN\",\"potentialAction\":[{\"@type\":\"ReadAction\",\"target\":[\"https:\/\/lab-movie.hanu.edu.vn\/vi\/company-types\/\"]}]},{\"@type\":\"BreadcrumbList\",\"@id\":\"https:\/\/lab-movie.hanu.edu.vn\/vi\/company-types\/#breadcrumb\",\"itemListElement\":[{\"@type\":\"ListItem\",\"position\":1,\"name\":\"Trang ch\u1ee7\",\"item\":\"https:\/\/lab-movie.hanu.edu.vn\/vi\/\"},{\"@type\":\"ListItem\",\"position\":2,\"name\":\"Lo\u1ea1i h\u00ecnh doanh nghi\u1ec7p\"}]},{\"@type\":\"WebSite\",\"@id\":\"https:\/\/lab-movie.hanu.edu.vn\/vi\/#website\",\"url\":\"https:\/\/lab-movie.hanu.edu.vn\/vi\/\",\"name\":\"Lab-Movie\",\"description\":\"\",\"potentialAction\":[{\"@type\":\"SearchAction\",\"target\":{\"@type\":\"EntryPoint\",\"urlTemplate\":\"https:\/\/lab-movie.hanu.edu.vn\/vi\/?s={search_term_string}\"},\"query-input\":\"required name=search_term_string\"}],\"inLanguage\":\"vi-VN\"}]}<\/script>\r\n<!-- \/ Yoast SEO plugin. -->","yoast_head_json":{"title":"Lo\u1ea1i h\u00ecnh doanh nghi\u1ec7p - Lab-Movie","robots":{"index":"index","follow":"follow","max-snippet":"max-snippet:-1","max-image-preview":"max-image-preview:large","max-video-preview":"max-video-preview:-1"},"canonical":"https:\/\/lab-movie.hanu.edu.vn\/vi\/company-types\/","og_locale":"vi_VN","og_type":"article","og_title":"Lo\u1ea1i h\u00ecnh doanh nghi\u1ec7p - Lab-Movie","og_description":"[vc_row type=&#8221;in_container&#8221; full_screen_row_position=&#8221;middle&#8221; column_margin=&#8221;default&#8221; column_direction=&#8221;default&#8221; column_direction_tablet=&#8221;default&#8221; column_direction_phone=&#8221;default&#8221; scene_position=&#8221;center&#8221; text_color=&#8221;dark&#8221; text_align=&#8221;left&#8221; row_border_radius=&#8221;none&#8221; row_border_radius_applies=&#8221;bg&#8221; overflow=&#8221;visible&#8221; overlay_strength=&#8221;0.3&#8243; gradient_direction=&#8221;left_to_right&#8221; shape_divider_position=&#8221;bottom&#8221; bg_image_animation=&#8221;none&#8221;][vc_column column_padding=&#8221;padding-3-percent&#8221; column_padding_tablet=&#8221;inherit&#8221; column_padding_phone=&#8221;inherit&#8221; column_padding_position=&#8221;all&#8221; column_element_spacing=&#8221;default&#8221; background_color=&#8221;#e8e8e8&#8243; background_color_opacity=&#8221;1&#8243; background_hover_color_opacity=&#8221;1&#8243;...","og_url":"https:\/\/lab-movie.hanu.edu.vn\/vi\/company-types\/","og_site_name":"Lab-Movie","article_modified_time":"2023-09-27T03:59:04+00:00","twitter_card":"summary_large_image","twitter_misc":{"Est. reading time":"2 minutes"},"schema":{"@context":"https:\/\/schema.org","@graph":[{"@type":"WebPage","@id":"https:\/\/lab-movie.hanu.edu.vn\/vi\/company-types\/","url":"https:\/\/lab-movie.hanu.edu.vn\/vi\/company-types\/","name":"Lo\u1ea1i h\u00ecnh doanh nghi\u1ec7p - Lab-Movie","isPartOf":{"@id":"https:\/\/lab-movie.hanu.edu.vn\/vi\/#website"},"datePublished":"2023-04-15T07:43:49+00:00","dateModified":"2023-09-27T03:59:04+00:00","breadcrumb":{"@id":"https:\/\/lab-movie.hanu.edu.vn\/vi\/company-types\/#breadcrumb"},"inLanguage":"vi-VN","potentialAction":[{"@type":"ReadAction","target":["https:\/\/lab-movie.hanu.edu.vn\/vi\/company-types\/"]}]},{"@type":"BreadcrumbList","@id":"https:\/\/lab-movie.hanu.edu.vn\/vi\/company-types\/#breadcrumb","itemListElement":[{"@type":"ListItem","position":1,"name":"Trang ch\u1ee7","item":"https:\/\/lab-movie.hanu.edu.vn\/vi\/"},{"@type":"ListItem","position":2,"name":"Lo\u1ea1i h\u00ecnh doanh nghi\u1ec7p"}]},{"@type":"WebSite","@id":"https:\/\/lab-movie.hanu.edu.vn\/vi\/#website","url":"https:\/\/lab-movie.hanu.edu.vn\/vi\/","name":"Lab-Movie","description":"","potentialAction":[{"@type":"SearchAction","target":{"@type":"EntryPoint","urlTemplate":"https:\/\/lab-movie.hanu.edu.vn\/vi\/?s={search_term_string}"},"query-input":"required name=search_term_string"}],"inLanguage":"vi-VN"}]}},"_links":{"self":[{"href":"https:\/\/lab-movie.hanu.edu.vn\/vi\/wp-json\/wp\/v2\/pages\/6476"}],"collection":[{"href":"https:\/\/lab-movie.hanu.edu.vn\/vi\/wp-json\/wp\/v2\/pages"}],"about":[{"href":"https:\/\/lab-movie.hanu.edu.vn\/vi\/wp-json\/wp\/v2\/types\/page"}],"author":[{"embeddable":true,"href":"https:\/\/lab-movie.hanu.edu.vn\/vi\/wp-json\/wp\/v2\/users\/6"}],"replies":[{"embeddable":true,"href":"https:\/\/lab-movie.hanu.edu.vn\/vi\/wp-json\/wp\/v2\/comments?post=6476"}],"version-history":[{"count":3,"href":"https:\/\/lab-movie.hanu.edu.vn\/vi\/wp-json\/wp\/v2\/pages\/6476\/revisions"}],"predecessor-version":[{"id":6692,"href":"https:\/\/lab-movie.hanu.edu.vn\/vi\/wp-json\/wp\/v2\/pages\/6476\/revisions\/6692"}],"wp:attachment":[{"href":"https:\/\/lab-movie.hanu.edu.vn\/vi\/wp-json\/wp\/v2\/media?parent=6476"}],"curies":[{"name":"wp","href":"https:\/\/api.w.org\/{rel}","templated":true}]}}