{"id":6701,"date":"2023-10-02T05:55:55","date_gmt":"2023-10-02T03:55:55","guid":{"rendered":"https:\/\/lab-movie.hanu.edu.vn\/?page_id=6701"},"modified":"2023-10-02T06:20:11","modified_gmt":"2023-10-02T04:20:11","slug":"tin-tuc","status":"publish","type":"page","link":"https:\/\/lab-movie.hanu.edu.vn\/vi\/tin-tuc\/","title":{"rendered":"Tin t\u1ee9c"},"content":{"rendered":"<p><strong>D\u1ef1 \u00e1n KA2 v\u1ec1 \u201cKh\u1ea3o s\u00e1t nhu c\u1ea7u c\u1ee7a doanh nghi\u1ec7p t\u1ea1i c\u00e1c tr\u01b0\u1eddng \u0111\u1ea1i h\u1ecdc c\u1ee7a Vi\u1ec7t Nam\u201d \u0111\u01b0\u1ee3c t\u00e0i tr\u1ee3 b\u1edfi \u1ee6y ban Ch\u00e2u \u00c2u (LAB- MOVIE)<\/strong><\/p>\n<p>Theo k\u1ebf ho\u1ea1ch c\u1ee7a D\u1ef1 \u00e1n, t\u1eeb ng\u00e0y 14-17\/6\/2021, t\u1ea1i Tr\u01b0\u1eddng \u0110\u1ea1i h\u1ecdc C\u00f4ng nghi\u1ec7p H\u00e0 N\u1ed9i, c\u00e1c \u0111\u1ed1i t\u00e1c Ch\u00e2u \u00c2u \u0111\u00e3 t\u1ed5 ch\u1ee9c h\u1ed9i th\u1ea3o t\u1eadp hu\u1ea5n v\u00e0 \u0111\u00e0o t\u1ea1o cho c\u00e1c th\u00e0nh vi\u00ean tham gia d\u1ef1 \u00e1n v\u1ec1 k\u1ebft qu\u1ea3 kh\u1ea3o s\u00e1t th\u1eed nghi\u1ec7m \u0111\u1ed1i v\u1edbi 3 l\u0129nh v\u1ef1c Du l\u1ecbch, C\u00f4ng ngh\u1ec7 th\u1ef1c ph\u1ea9m, C\u00f4ng ngh\u1ec7 th\u00f4ng tin.<\/p>\n<p>Tham d\u1ef1 H\u1ed9i th\u1ea3o c\u00f3 \u0111\u1ea1i di\u1ec7n c\u1ee7a 37 th\u00e0nh vi\u00ean thu\u1ed9c c\u00e1c tr\u01b0\u1eddng \u0110\u1ea1i h\u1ecdc t\u1ed5ng h\u1ee3p Padova (Italia)- \u0110i\u1ec1u ph\u1ed1i d\u1ef1 \u00e1n\u00a0 ch\u00ednh ph\u00eda Ch\u00e2u \u00c2u, t\u1ed5 ch\u1ee9c Steps \u2013 Italia;\u00a0 \u0110\u1ea1i h\u1ecdc Salamanca ( T\u00e2y Ban Nha); \u0110\u1ea1i h\u1ecdc Lisbona (B\u1ed3 \u0110\u00e0o Nha); \u0110\u1ea1i h\u1ecdc H\u00e0 N\u1ed9i \u2013 \u0110i\u1ec1u ph\u1ed1i d\u1ef1 \u00e1n ch\u00ednh ph\u00eda Vi\u1ec7t Nam; \u0110\u1ea1i h\u1ecdc C\u00f4ng nghi\u1ec7p H\u00e0 N\u1ed9i; \u0110\u1ea1i h\u1ecdc Nguy\u1ec5n T\u1ea5t Th\u00e0nh \u2013 Tp H\u1ed3 Ch\u00ed Minh; \u0110\u1ea1i h\u1ecdc Th\u00e1i Nguy\u00ean; H\u1ecdc vi\u1ec7n n\u00f4ng nghi\u1ec7p Vi\u1ec7t Nam; Hi\u1ec7p h\u1ed9i doanh nghi\u1ec7p nh\u1ecf v\u00e0 v\u1eeba H\u00e0 N\u1ed9i.<\/p>\n<p>Do t\u00ecnh h\u00ecnh dich b\u1ec7nh covid di\u1ec5n ra ph\u1ee9c t\u1ea1p, h\u1ed9i th\u1ea3o \u0111\u00e3 chuy\u1ec3n \u0111\u1ed5i ph\u01b0\u01a1ng \u00e1n h\u1ecdp tr\u1ef1c ti\u1ebfp sang h\u00ecnh th\u1ee9c tr\u1ef1c tuy\u1ebfn \u0111\u1ec3 tu\u00e2n th\u1ee7 \u0111\u00fang quy \u0111\u1ecbnh c\u1ee7a nh\u00e0 n\u01b0\u1edbc v\u1ec1 ph\u00f2ng ch\u1ed1ng d\u1ecbch b\u1ec7n c\u0169ng nh\u01b0 \u0111\u1ec3 \u0111\u1ea3m b\u1ea3o ti\u1ebfn \u0111\u1ed9 d\u1ef1 \u00e1n. M\u1eb7c d\u00f9 t\u1eadp hu\u1ea5n theo h\u00ecnh th\u1ee9c t\u1ed5 ch\u1ee9c tr\u1ef1c tuy\u1ebfn c\u00f3 nh\u1eefng kh\u00f3 kh\u0103n nh\u1ea5t \u0111\u1ecbnh nh\u01b0ng c\u00e1c tr\u01b0\u1eddng th\u00e0nh vi\u00ean c\u1ee7a d\u1ef1 \u00e1n c\u00f9ng c\u00e1c nh\u00f3m nghi\u00ean c\u1ee9u v\u1eabn t\u00edch c\u1ef1c th\u1ea3o lu\u1eadn n\u1ed9i dung b\u1ea3ng h\u1ecfi c\u1ee7a 3 l\u0129nh v\u1ef1c thu\u1ed9c d\u1ef1 \u00e1n \u0111\u1ec3 \u0111\u01b0a ra n\u1ed9i dung ph\u00f9 h\u1ee3p v\u1edbi ho\u1ea1t \u0111\u1ed9ng c\u1ee7a c\u00e1c doanh nghi\u1ec7p vi\u1ec7t Nam.<\/p>\n<p>Ngo\u00e0i ra k\u1ebf ho\u1ea1ch c\u00e1c b\u01b0\u1edbc c\u00f4ng vi\u1ec7c ti\u1ebfp theo c\u0169ng \u0111\u01b0\u1ee3c c\u00e1c th\u00e0nh vi\u00ean th\u1ea3o lu\u1eadn chi ti\u1ebft. Ban \u0111i\u1ec1u ph\u1ed1i d\u1ef1 \u00e1n \u0111\u00e3 th\u1ed1ng nh\u1ea5t k\u00e9o d\u00e0i d\u1ef1 \u00e1n th\u00eam 06 th\u00e1ng \u0111\u1ec3 c\u00e1c tr\u01b0\u1eddng c\u00f3 th\u1ec3 th\u00eam th\u1eddi gian ho\u00e0n th\u00e0nh b\u01b0\u1edbc l\u1ea5y d\u1eef li\u1ec7u kh\u1ea3o s\u00e1t \u0111\u1ea1i tr\u00e0 theo h\u00ecnh th\u1ee9c tr\u1ef1c ti\u1ebfp.<\/p>\n<p><img loading=\"lazy\" id=\"104692\" class=\"b\u1ea5m\u0110c w1 fn db mtb2 mlra aligncenter\" src=\"https:\/\/i3.connections.vn\/cdn.inevn.com\/img\/thumb\/104692.1kx.isij?resize=960,577&amp;quality=100\" width=\"933\" height=\"561\" \/><br \/>\n<img loading=\"lazy\" id=\"104693\" class=\"b\u1ea5m\u0110c w1 fn db mtb2 mlra aligncenter\" src=\"https:\/\/i3.connections.vn\/cdn.inevn.com\/img\/thumb\/104693.1kx.isij?resize=960,577&amp;quality=100\" width=\"933\" height=\"562\" \/><\/p>\n","protected":false},"excerpt":{"rendered":"<p>D\u1ef1 \u00e1n KA2 v\u1ec1 \u201cKh\u1ea3o s\u00e1t nhu c\u1ea7u c\u1ee7a doanh nghi\u1ec7p t\u1ea1i c\u00e1c tr\u01b0\u1eddng \u0111\u1ea1i h\u1ecdc c\u1ee7a Vi\u1ec7t Nam\u201d \u0111\u01b0\u1ee3c t\u00e0i tr\u1ee3 b\u1edfi \u1ee6y ban&#8230;<\/p>\n","protected":false},"author":6,"featured_media":0,"parent":0,"menu_order":0,"comment_status":"closed","ping_status":"closed","template":"","meta":[],"acf":[],"yoast_head":"<!-- This site is optimized with the Yoast SEO plugin v19.7.1 - https:\/\/yoast.com\/wordpress\/plugins\/seo\/ -->\r\n<title>Tin t\u1ee9c - Lab-Movie<\/title>\r\n<meta name=\"robots\" content=\"index, follow, max-snippet:-1, max-image-preview:large, max-video-preview:-1\" \/>\r\n<link rel=\"canonical\" href=\"https:\/\/lab-movie.hanu.edu.vn\/vi\/tin-tuc\/\" \/>\r\n<meta property=\"og:locale\" content=\"vi_VN\" \/>\r\n<meta property=\"og:type\" content=\"article\" \/>\r\n<meta property=\"og:title\" content=\"Tin t\u1ee9c - Lab-Movie\" \/>\r\n<meta property=\"og:description\" content=\"D\u1ef1 \u00e1n KA2 v\u1ec1 \u201cKh\u1ea3o s\u00e1t nhu c\u1ea7u c\u1ee7a doanh nghi\u1ec7p t\u1ea1i c\u00e1c tr\u01b0\u1eddng \u0111\u1ea1i h\u1ecdc c\u1ee7a Vi\u1ec7t Nam\u201d \u0111\u01b0\u1ee3c t\u00e0i tr\u1ee3 b\u1edfi \u1ee6y ban...\" \/>\r\n<meta property=\"og:url\" content=\"https:\/\/lab-movie.hanu.edu.vn\/vi\/tin-tuc\/\" \/>\r\n<meta property=\"og:site_name\" content=\"Lab-Movie\" \/>\r\n<meta property=\"article:modified_time\" content=\"2023-10-02T04:20:11+00:00\" \/>\r\n<meta property=\"og:image\" content=\"https:\/\/i3.connections.vn\/cdn.inevn.com\/img\/thumb\/104692.1kx.isij?resize=960,577&amp;quality=100\" \/>\r\n<meta name=\"twitter:card\" content=\"summary_large_image\" \/>\r\n<meta name=\"twitter:label1\" content=\"Est. reading time\" \/>\n\t<meta name=\"twitter:data1\" content=\"3 minutes\" \/>\r\n<script type=\"application\/ld+json\" class=\"yoast-schema-graph\">{\"@context\":\"https:\/\/schema.org\",\"@graph\":[{\"@type\":\"WebPage\",\"@id\":\"https:\/\/lab-movie.hanu.edu.vn\/vi\/tin-tuc\/\",\"url\":\"https:\/\/lab-movie.hanu.edu.vn\/vi\/tin-tuc\/\",\"name\":\"Tin t\u1ee9c - Lab-Movie\",\"isPartOf\":{\"@id\":\"https:\/\/lab-movie.hanu.edu.vn\/vi\/#website\"},\"datePublished\":\"2023-10-02T03:55:55+00:00\",\"dateModified\":\"2023-10-02T04:20:11+00:00\",\"breadcrumb\":{\"@id\":\"https:\/\/lab-movie.hanu.edu.vn\/vi\/tin-tuc\/#breadcrumb\"},\"inLanguage\":\"vi-VN\",\"potentialAction\":[{\"@type\":\"ReadAction\",\"target\":[\"https:\/\/lab-movie.hanu.edu.vn\/vi\/tin-tuc\/\"]}]},{\"@type\":\"BreadcrumbList\",\"@id\":\"https:\/\/lab-movie.hanu.edu.vn\/vi\/tin-tuc\/#breadcrumb\",\"itemListElement\":[{\"@type\":\"ListItem\",\"position\":1,\"name\":\"Trang ch\u1ee7\",\"item\":\"https:\/\/lab-movie.hanu.edu.vn\/vi\/\"},{\"@type\":\"ListItem\",\"position\":2,\"name\":\"Tin t\u1ee9c\"}]},{\"@type\":\"WebSite\",\"@id\":\"https:\/\/lab-movie.hanu.edu.vn\/vi\/#website\",\"url\":\"https:\/\/lab-movie.hanu.edu.vn\/vi\/\",\"name\":\"Lab-Movie\",\"description\":\"\",\"potentialAction\":[{\"@type\":\"SearchAction\",\"target\":{\"@type\":\"EntryPoint\",\"urlTemplate\":\"https:\/\/lab-movie.hanu.edu.vn\/vi\/?s={search_term_string}\"},\"query-input\":\"required name=search_term_string\"}],\"inLanguage\":\"vi-VN\"}]}<\/script>\r\n<!-- \/ Yoast SEO plugin. -->","yoast_head_json":{"title":"Tin t\u1ee9c - Lab-Movie","robots":{"index":"index","follow":"follow","max-snippet":"max-snippet:-1","max-image-preview":"max-image-preview:large","max-video-preview":"max-video-preview:-1"},"canonical":"https:\/\/lab-movie.hanu.edu.vn\/vi\/tin-tuc\/","og_locale":"vi_VN","og_type":"article","og_title":"Tin t\u1ee9c - Lab-Movie","og_description":"D\u1ef1 \u00e1n KA2 v\u1ec1 \u201cKh\u1ea3o s\u00e1t nhu c\u1ea7u c\u1ee7a doanh nghi\u1ec7p t\u1ea1i c\u00e1c tr\u01b0\u1eddng \u0111\u1ea1i h\u1ecdc c\u1ee7a Vi\u1ec7t Nam\u201d \u0111\u01b0\u1ee3c t\u00e0i tr\u1ee3 b\u1edfi \u1ee6y ban...","og_url":"https:\/\/lab-movie.hanu.edu.vn\/vi\/tin-tuc\/","og_site_name":"Lab-Movie","article_modified_time":"2023-10-02T04:20:11+00:00","og_image":[{"url":"https:\/\/i3.connections.vn\/cdn.inevn.com\/img\/thumb\/104692.1kx.isij?resize=960,577&amp;quality=100"}],"twitter_card":"summary_large_image","twitter_misc":{"Est. reading time":"3 minutes"},"schema":{"@context":"https:\/\/schema.org","@graph":[{"@type":"WebPage","@id":"https:\/\/lab-movie.hanu.edu.vn\/vi\/tin-tuc\/","url":"https:\/\/lab-movie.hanu.edu.vn\/vi\/tin-tuc\/","name":"Tin t\u1ee9c - Lab-Movie","isPartOf":{"@id":"https:\/\/lab-movie.hanu.edu.vn\/vi\/#website"},"datePublished":"2023-10-02T03:55:55+00:00","dateModified":"2023-10-02T04:20:11+00:00","breadcrumb":{"@id":"https:\/\/lab-movie.hanu.edu.vn\/vi\/tin-tuc\/#breadcrumb"},"inLanguage":"vi-VN","potentialAction":[{"@type":"ReadAction","target":["https:\/\/lab-movie.hanu.edu.vn\/vi\/tin-tuc\/"]}]},{"@type":"BreadcrumbList","@id":"https:\/\/lab-movie.hanu.edu.vn\/vi\/tin-tuc\/#breadcrumb","itemListElement":[{"@type":"ListItem","position":1,"name":"Trang ch\u1ee7","item":"https:\/\/lab-movie.hanu.edu.vn\/vi\/"},{"@type":"ListItem","position":2,"name":"Tin t\u1ee9c"}]},{"@type":"WebSite","@id":"https:\/\/lab-movie.hanu.edu.vn\/vi\/#website","url":"https:\/\/lab-movie.hanu.edu.vn\/vi\/","name":"Lab-Movie","description":"","potentialAction":[{"@type":"SearchAction","target":{"@type":"EntryPoint","urlTemplate":"https:\/\/lab-movie.hanu.edu.vn\/vi\/?s={search_term_string}"},"query-input":"required name=search_term_string"}],"inLanguage":"vi-VN"}]}},"_links":{"self":[{"href":"https:\/\/lab-movie.hanu.edu.vn\/vi\/wp-json\/wp\/v2\/pages\/6701"}],"collection":[{"href":"https:\/\/lab-movie.hanu.edu.vn\/vi\/wp-json\/wp\/v2\/pages"}],"about":[{"href":"https:\/\/lab-movie.hanu.edu.vn\/vi\/wp-json\/wp\/v2\/types\/page"}],"author":[{"embeddable":true,"href":"https:\/\/lab-movie.hanu.edu.vn\/vi\/wp-json\/wp\/v2\/users\/6"}],"replies":[{"embeddable":true,"href":"https:\/\/lab-movie.hanu.edu.vn\/vi\/wp-json\/wp\/v2\/comments?post=6701"}],"version-history":[{"count":5,"href":"https:\/\/lab-movie.hanu.edu.vn\/vi\/wp-json\/wp\/v2\/pages\/6701\/revisions"}],"predecessor-version":[{"id":6712,"href":"https:\/\/lab-movie.hanu.edu.vn\/vi\/wp-json\/wp\/v2\/pages\/6701\/revisions\/6712"}],"wp:attachment":[{"href":"https:\/\/lab-movie.hanu.edu.vn\/vi\/wp-json\/wp\/v2\/media?parent=6701"}],"curies":[{"name":"wp","href":"https:\/\/api.w.org\/{rel}","templated":true}]}}